{"id":2024,"date":"2020-12-30T17:11:08","date_gmt":"2020-12-30T16:11:08","guid":{"rendered":"https:\/\/kinootok.org\/arhiv-podmornica\/"},"modified":"2024-05-28T13:23:32","modified_gmt":"2024-05-28T12:23:32","slug":"arhiv-podmornica","status":"publish","type":"page","link":"https:\/\/2024.kinootok.org\/en\/arhiv-podmornica\/","title":{"rendered":"Submarine 2024"},"content":{"rendered":"<div class=\"container\">\n    <div class=\"row text\">\n        <div class=\"col-md-9\">\n            <h2><a href=\"https:\/\/2024.kinootok.org\/en\/event\/the-quiet-girl\/\"><strong>The Quiet Girl\u00a0\/ An Cail\u00edn Ci\u00fain<\/strong>\u00a0<strong>13+<\/strong><\/a><\/h2>\n<p>Colm Bair\u00e9ad, Ireland, 2022, 95\u2032, in Irish Gaelic and English with Slovenian subtitles<\/p>\n<p><a href=\"https:\/\/2024.kinootok.org\/en\/event\/the-quiet-girl\/\"><img loading=\"lazy\" decoding=\"async\" class=\"alignnone wp-image-8264\" src=\"https:\/\/2024.kinootok.org\/wp-content\/uploads\/2024\/04\/The_Quiet_Girl_Cait_Catherine_Clinch_pauses_before_entering_her_family_home-1-300x200.jpg\" alt=\"\" width=\"702\" height=\"468\" srcset=\"https:\/\/2024.kinootok.org\/wp-content\/uploads\/2024\/04\/The_Quiet_Girl_Cait_Catherine_Clinch_pauses_before_entering_her_family_home-1-300x200.jpg 300w, https:\/\/2024.kinootok.org\/wp-content\/uploads\/2024\/04\/The_Quiet_Girl_Cait_Catherine_Clinch_pauses_before_entering_her_family_home-1-1024x682.jpg 1024w, https:\/\/2024.kinootok.org\/wp-content\/uploads\/2024\/04\/The_Quiet_Girl_Cait_Catherine_Clinch_pauses_before_entering_her_family_home-1-768x512.jpg 768w, https:\/\/2024.kinootok.org\/wp-content\/uploads\/2024\/04\/The_Quiet_Girl_Cait_Catherine_Clinch_pauses_before_entering_her_family_home-1-1536x1024.jpg 1536w, https:\/\/2024.kinootok.org\/wp-content\/uploads\/2024\/04\/The_Quiet_Girl_Cait_Catherine_Clinch_pauses_before_entering_her_family_home-1.jpg 2000w\" sizes=\"auto, (max-width: 702px) 100vw, 702px\" \/><\/a><\/p>\n<p>A painful truth concealed beneath the idyllic beauty of Irish countryside. A quietly poignant coming-of-age story shot in the rarely-heard Irish language.<\/p>\n<p><em>Selected by young programmers from Elvira Vatovec Prade Primary School.<\/em><\/p>\n<p>&nbsp;<\/p>\n<h2><a href=\"https:\/\/2024.kinootok.org\/en\/event\/dounnia-and-the-princess-of-aleppo\/\"><span data-contrast=\"auto\"><b>Dounia and the Princess of Aleppo<\/b>\u00a0<strong>\/\u00a0<\/strong><\/span><strong>Dounia et la princesse d\u2019Alep<\/strong><b><span data-contrast=\"auto\"><strong>\u00a0<\/strong>6+<\/span><\/b><span data-ccp-props=\"{&quot;201341983&quot;:0,&quot;335559739&quot;:0,&quot;335559740&quot;:240}\">\u00a0<\/span><\/a><\/h2>\n<p><span data-contrast=\"auto\">Marya Zarif, Canada, France, 2022, 72\u2032, d<\/span><span data-contrast=\"auto\">ubbed in Slovenian<\/span><span data-ccp-props=\"{&quot;201341983&quot;:0,&quot;335559739&quot;:0,&quot;335559740&quot;:240}\">\u00a0<\/span><\/p>\n<p><a href=\"https:\/\/2024.kinootok.org\/en\/event\/dounnia-and-the-princess-of-aleppo\/\"><img loading=\"lazy\" decoding=\"async\" class=\"alignnone wp-image-8358\" src=\"https:\/\/2024.kinootok.org\/wp-content\/uploads\/2024\/05\/1-1-300x169.jpg\" alt=\"\" width=\"699\" height=\"394\" srcset=\"https:\/\/2024.kinootok.org\/wp-content\/uploads\/2024\/05\/1-1-300x169.jpg 300w, https:\/\/2024.kinootok.org\/wp-content\/uploads\/2024\/05\/1-1-1024x575.jpg 1024w, https:\/\/2024.kinootok.org\/wp-content\/uploads\/2024\/05\/1-1-1536x863.jpg 1536w, https:\/\/2024.kinootok.org\/wp-content\/uploads\/2024\/05\/1-1-2048x1150.jpg 2048w\" sizes=\"auto, (max-width: 699px) 100vw, 699px\" \/><\/a><\/p>\n<p><span data-contrast=\"auto\">An emotionally and visually striking journey to Syria, imbued with song, fragrances, and magical powers, through the eyes of a refugee girl.<\/span><span data-ccp-props=\"{&quot;201341983&quot;:0,&quot;335559739&quot;:0,&quot;335559740&quot;:240}\">\u00a0<\/span><\/p>\n<p>&nbsp;<\/p>\n<h2><a href=\"https:\/\/2024.kinootok.org\/en\/event\/and-the-king-said-what-a-fantastic-machine\/\"><strong>And the King Said, What a Fantastic Machine<\/strong>\u00a0<strong>\/ In kralj re\u010de, kako fantasti\u010den stroj\u00a013+<\/strong><\/a><\/h2>\n<p>Axel Danielson, Maximilien Van Aertryck, Sweden, Denmark, 2023, 88\u2032, in German, Swedish, English, Arabic and French with Slovenian subtitles<\/p>\n<p><a href=\"https:\/\/2024.kinootok.org\/en\/event\/and-the-king-said-what-a-fantastic-machine\/\"><img loading=\"lazy\" decoding=\"async\" class=\"alignnone wp-image-8286\" src=\"https:\/\/2024.kinootok.org\/wp-content\/uploads\/2024\/04\/1.-Fantastic-Machine-pc-Alexander-Tikhomirov-300x169.jpg\" alt=\"\" width=\"703\" height=\"396\" srcset=\"https:\/\/2024.kinootok.org\/wp-content\/uploads\/2024\/04\/1.-Fantastic-Machine-pc-Alexander-Tikhomirov-300x169.jpg 300w, https:\/\/2024.kinootok.org\/wp-content\/uploads\/2024\/04\/1.-Fantastic-Machine-pc-Alexander-Tikhomirov-1024x576.jpg 1024w, https:\/\/2024.kinootok.org\/wp-content\/uploads\/2024\/04\/1.-Fantastic-Machine-pc-Alexander-Tikhomirov-768x432.jpg 768w, https:\/\/2024.kinootok.org\/wp-content\/uploads\/2024\/04\/1.-Fantastic-Machine-pc-Alexander-Tikhomirov-1536x864.jpg 1536w, https:\/\/2024.kinootok.org\/wp-content\/uploads\/2024\/04\/1.-Fantastic-Machine-pc-Alexander-Tikhomirov-2048x1152.jpg 2048w\" sizes=\"auto, (max-width: 703px) 100vw, 703px\" \/><\/a><br \/>\nA work of provocative wit, this whirlwind of images, from camera obscura to social networks, raises questions about the society and images that surround us.<\/p>\n<p>&nbsp;<\/p>\n<h2><a href=\"https:\/\/2024.kinootok.org\/en\/event\/magical-friendships\/\"><strong>Magical Friendships 3+<\/strong><\/a><\/h2>\n<p>32\u2032, no dialogue<\/p>\n<p><strong>Koyaa \u2013 Creepy Blanket<\/strong>\u00a0(Kolja Saksida, Slovenia, 2019)<\/p>\n<p><strong>Franzy\u2019s Soup-Kitchen \/ La Soupe De Franzy<\/strong>\u00a0(Ana Chubinidze, France, 2021)<\/p>\n<p><strong>Animanimals: T-Rex<\/strong>\u00a0(Julia Ocker, Germany, 2022)<\/p>\n<p><strong>To Be Sisters \/ Entre deux soeurs<\/strong>\u00a0(Anne-Sophie Gousset, Cl\u00e9ment C\u00e9ard, France, 2022)<\/p>\n<p><strong>Don\u00b4t Blow It Up \/ Odpus\u0165<\/strong>\u00a0 (Al\u017ebeta Ma\u010d\u00e1kov\u00e1 Mi\u0161ejkov\u00e1, Czechia, 2022)<\/p>\n<p><strong>Ink \/ Inkt<\/strong>\u00a0(Erik Verkerk, Joost van den Bosch, Netherlands, 2020)<\/p>\n<p>A selection of six captivating, stylistically varied short animated stories about warm and unusual friendships.<\/p>\n<p><a href=\"https:\/\/2024.kinootok.org\/en\/event\/magical-friendships\/\"><img loading=\"lazy\" decoding=\"async\" class=\"alignnone wp-image-8298\" src=\"https:\/\/2024.kinootok.org\/wp-content\/uploads\/2024\/04\/z_69_00470-300x162.jpeg\" alt=\"\" width=\"700\" height=\"378\" srcset=\"https:\/\/2024.kinootok.org\/wp-content\/uploads\/2024\/04\/z_69_00470-300x162.jpeg 300w, https:\/\/2024.kinootok.org\/wp-content\/uploads\/2024\/04\/z_69_00470-1024x553.jpeg 1024w, https:\/\/2024.kinootok.org\/wp-content\/uploads\/2024\/04\/z_69_00470-768x415.jpeg 768w, https:\/\/2024.kinootok.org\/wp-content\/uploads\/2024\/04\/z_69_00470-1536x830.jpeg 1536w, https:\/\/2024.kinootok.org\/wp-content\/uploads\/2024\/04\/z_69_00470.jpeg 1969w\" sizes=\"auto, (max-width: 700px) 100vw, 700px\" \/><\/a><\/p>\n<p><strong>Optical Toys workshop<\/strong><\/p>\n<p>A playful way to learn the ABCs of animated cinema and its history.<\/p>\n<p>&nbsp;<\/p>\n<h2><a href=\"https:\/\/2024.kinootok.org\/en\/event\/animation-with-michele-bernardi\/\"><strong>Michele Bernardi and His World of Animation<\/strong><\/a><\/h2>\n<p>Legendary Italian illustrator Michele Bernardi shows a selection of his animations and original animation materials from the era of films stock. Free admission.<\/p>\n<p><a href=\"https:\/\/2024.kinootok.org\/en\/event\/animation-with-michele-bernardi\/\"><img loading=\"lazy\" decoding=\"async\" class=\"alignnone wp-image-8304\" src=\"https:\/\/2024.kinootok.org\/wp-content\/uploads\/2024\/04\/foto-001-300x200.jpg\" alt=\"\" width=\"704\" height=\"469\" srcset=\"https:\/\/2024.kinootok.org\/wp-content\/uploads\/2024\/04\/foto-001-300x200.jpg 300w, https:\/\/2024.kinootok.org\/wp-content\/uploads\/2024\/04\/foto-001-1024x683.jpg 1024w, https:\/\/2024.kinootok.org\/wp-content\/uploads\/2024\/04\/foto-001-768x512.jpg 768w, https:\/\/2024.kinootok.org\/wp-content\/uploads\/2024\/04\/foto-001-1536x1024.jpg 1536w, https:\/\/2024.kinootok.org\/wp-content\/uploads\/2024\/04\/foto-001.jpg 2048w\" sizes=\"auto, (max-width: 704px) 100vw, 704px\" \/><\/a><\/p>\n<h2><a href=\"https:\/\/2024.kinootok.org\/en\/event\/animation-with-michele-bernardi\/\"><strong>Animation Time with Michele Bernardi 9+<\/strong><\/a><\/h2>\n<p>Animation workshop for a closed group of participants aged 9 and over. Admission is free, but spaces are limited so please book yours at meri.viler@isolacinema.org.<\/p>\n<p>&nbsp;<\/p>\n<h2><a href=\"https:\/\/2024.kinootok.org\/en\/event\/the-path\/\"><strong>The Path \/ Der Pfad<\/strong><\/a><\/h2>\n<p>Tobias Wiemann, Nem\u010dija\/Germany, 2022, 99\u2032, in German with Slovenian subtitles<\/p>\n<p><a href=\"https:\/\/2024.kinootok.org\/en\/event\/the-path\/\"><img loading=\"lazy\" decoding=\"async\" class=\"alignnone wp-image-8314\" src=\"https:\/\/2024.kinootok.org\/wp-content\/uploads\/2024\/04\/1-300x200.jpg\" alt=\"\" width=\"704\" height=\"469\" srcset=\"https:\/\/2024.kinootok.org\/wp-content\/uploads\/2024\/04\/1-300x200.jpg 300w, https:\/\/2024.kinootok.org\/wp-content\/uploads\/2024\/04\/1-1024x683.jpg 1024w, https:\/\/2024.kinootok.org\/wp-content\/uploads\/2024\/04\/1-768x512.jpg 768w, https:\/\/2024.kinootok.org\/wp-content\/uploads\/2024\/04\/1-1536x1024.jpg 1536w, https:\/\/2024.kinootok.org\/wp-content\/uploads\/2024\/04\/1-2048x1365.jpg 2048w\" sizes=\"auto, (max-width: 704px) 100vw, 704px\" \/><\/a><\/p>\n<p>Two children and a dog fleeing from the Nazis. An adventure on courage and solidarity that has captivated children and youth festival juries worldwide.<\/p>\n<p><em>Selected by young programmers from Elvira Vatovec Prade Primary School.<\/em><\/p>\n<p><strong>Tobias Wiemann<\/strong> will join us after the screening for a Q&amp;A.<\/p>\n<p>&nbsp;<\/p>\n<h2><a href=\"https:\/\/2024.kinootok.org\/en\/event\/sirocco-and-the-kindgdom-of-the-winds\/\"><strong>Sirocco and the Kingdom of the Winds\u00a0\/ Sirocco et le Royaume des courants d\u2019air\u00a0\u00a06+<\/strong><\/a><\/h2>\n<p>Beno\u00eet Chieux, France, Belgium, 2023, 75\u2032<\/p>\n<p><a href=\"https:\/\/2024.kinootok.org\/en\/event\/sirocco-and-the-kindgdom-of-the-winds\/\"><img loading=\"lazy\" decoding=\"async\" class=\"alignnone wp-image-8322\" src=\"https:\/\/2024.kinootok.org\/wp-content\/uploads\/2024\/04\/VIsuels-Sirocco-Feu-de-camp-300x141.png\" alt=\"\" width=\"700\" height=\"329\" srcset=\"https:\/\/2024.kinootok.org\/wp-content\/uploads\/2024\/04\/VIsuels-Sirocco-Feu-de-camp-300x141.png 300w, https:\/\/2024.kinootok.org\/wp-content\/uploads\/2024\/04\/VIsuels-Sirocco-Feu-de-camp-1024x483.png 1024w, https:\/\/2024.kinootok.org\/wp-content\/uploads\/2024\/04\/VIsuels-Sirocco-Feu-de-camp-768x362.png 768w, https:\/\/2024.kinootok.org\/wp-content\/uploads\/2024\/04\/VIsuels-Sirocco-Feu-de-camp-1536x724.png 1536w, https:\/\/2024.kinootok.org\/wp-content\/uploads\/2024\/04\/VIsuels-Sirocco-Feu-de-camp-2048x965.png 2048w\" sizes=\"auto, (max-width: 700px) 100vw, 700px\" \/><\/a><\/p>\n<p>Lavish visuals blur boundaries between poetry and cinema in this epic, dreamy adventure guaranteed to enthral children and adults alike.<\/p>\n<p><strong>Fair Winds!\u00a0<\/strong>Creative workshop<\/p>\n<p>A workshop to celebrate the windiest film in the lineup by making simple devices: pinwheel, kite, and wind-powered car. In collaboration with Trieste Bora Museum.\u00a0<em>Admission is free, but spaces are limited so please book yours at\u00a0<\/em><a href=\"mailto:meri.viler@isolacinema.org\"><em>meri.viler@isolacinema.org<\/em><\/a><em>.<\/em><\/p>\n        <\/div>\n    <\/div>\n<\/div>\n","protected":false},"excerpt":{"rendered":"<p> [&#8230;]<\/p>\n<p><a class=\"btn btn-secondary understrap-read-more-link\" href=\"https:\/\/2024.kinootok.org\/en\/arhiv-podmornica\/\">Read More&#8230;<\/a><\/p>\n","protected":false},"author":2,"featured_media":0,"parent":0,"menu_order":0,"comment_status":"closed","ping_status":"closed","template":"page-templates\/about.php","meta":{"_acf_changed":false,"footnotes":""},"class_list":["post-2024","page","type-page","status-publish","hentry"],"acf":[],"_links":{"self":[{"href":"https:\/\/2024.kinootok.org\/en\/wp-json\/wp\/v2\/pages\/2024","targetHints":{"allow":["GET"]}}],"collection":[{"href":"https:\/\/2024.kinootok.org\/en\/wp-json\/wp\/v2\/pages"}],"about":[{"href":"https:\/\/2024.kinootok.org\/en\/wp-json\/wp\/v2\/types\/page"}],"author":[{"embeddable":true,"href":"https:\/\/2024.kinootok.org\/en\/wp-json\/wp\/v2\/users\/2"}],"replies":[{"embeddable":true,"href":"https:\/\/2024.kinootok.org\/en\/wp-json\/wp\/v2\/comments?post=2024"}],"version-history":[{"count":14,"href":"https:\/\/2024.kinootok.org\/en\/wp-json\/wp\/v2\/pages\/2024\/revisions"}],"predecessor-version":[{"id":9093,"href":"https:\/\/2024.kinootok.org\/en\/wp-json\/wp\/v2\/pages\/2024\/revisions\/9093"}],"wp:attachment":[{"href":"https:\/\/2024.kinootok.org\/en\/wp-json\/wp\/v2\/media?parent=2024"}],"curies":[{"name":"wp","href":"https:\/\/api.w.org\/{rel}","templated":true}]}}